{"id":15,"date":"2014-02-19T20:12:58","date_gmt":"2014-02-19T18:12:58","guid":{"rendered":"http:\/\/www.harier.at\/wordpress\/?page_id=15"},"modified":"2017-08-15T08:15:37","modified_gmt":"2017-08-15T06:15:37","slug":"codex-harier-l3","status":"publish","type":"page","link":"https:\/\/www.harier.at\/?page_id=15","title":{"rendered":"REW"},"content":{"rendered":"<h1 style=\"text-align: center;\">REW &#8211; Rekonstruierter europ\u00e4ischer Waffengebrauch<\/h1>\n<p>&nbsp;<\/p>\n<p><img loading=\"lazy\" class=\"aligncenter wp-image-166\" src=\"http:\/\/www.harier.at\/wp-content\/uploads\/2017\/06\/rew-188x300.png\" alt=\"\" width=\"350\" height=\"560\" srcset=\"https:\/\/www.harier.at\/wp-content\/uploads\/2017\/06\/rew-188x300.png 188w, https:\/\/www.harier.at\/wp-content\/uploads\/2017\/06\/rew-768x1229.png 768w, https:\/\/www.harier.at\/wp-content\/uploads\/2017\/06\/rew-640x1024.png 640w, https:\/\/www.harier.at\/wp-content\/uploads\/2017\/06\/rew.png 1000w\" sizes=\"(max-width: 350px) 100vw, 350px\" \/><\/p>\n<table width=\"479\">\n<tbody>\n<tr>\n<td width=\"257\">\n<h3><strong>Waffengattung<\/strong><\/h3>\n<\/td>\n<td width=\"111\">\n<h3><strong>Hiebe, Schnitte<\/strong><\/h3>\n<\/td>\n<td width=\"111\">\n<h3>Stiche<\/h3>\n<\/td>\n<\/tr>\n<tr>\n<td>Schwert, S\u00e4bel, Schwertsax, Sax<\/td>\n<td>ja<\/td>\n<td>ja<\/td>\n<\/tr>\n<tr>\n<td>Einhandaxt<\/td>\n<td>ja<\/td>\n<td>ja<\/td>\n<\/tr>\n<tr>\n<td>Daneaxt<\/td>\n<td>ja<\/td>\n<td>ja<\/td>\n<\/tr>\n<tr>\n<td>Zweihand\/Einhandger<\/td>\n<td>nein<\/td>\n<td>ja<\/td>\n<\/tr>\n<tr>\n<td>Aktiver Schildeinsatz gegen den K\u00f6rper<\/td>\n<td colspan=\"2\">ja<\/td>\n<\/tr>\n<tr>\n<td width=\"257\">Aktiver Schildeinsatz gegen die Waffe<\/td>\n<td colspan=\"2\">ja<\/td>\n<\/tr>\n<tr>\n<td width=\"257\"><\/td>\n<td><\/td>\n<td><\/td>\n<\/tr>\n<tr>\n<td>\n<h3>Waffenl\u00e4ngen<\/h3>\n<\/td>\n<td colspan=\"2\">\n<h3 style=\"text-align: left;\">Max. L\u00e4nge<\/h3>\n<\/td>\n<\/tr>\n<tr>\n<td width=\"257\">Schwert, S\u00e4bel, Schwertsax, Sax<\/td>\n<td style=\"text-align: center;\" colspan=\"2\" rowspan=\"5\" width=\"222\">Historischer Hintergrund von Ausr\u00fcstung<\/td>\n<\/tr>\n<tr>\n<td>Einhandaxt<\/td>\n<\/tr>\n<tr>\n<td width=\"257\">Daneaxt<\/td>\n<\/tr>\n<tr>\n<td>Einhandger<\/td>\n<\/tr>\n<tr>\n<td width=\"257\">Zweihandger<\/td>\n<\/tr>\n<\/tbody>\n<\/table>\n","protected":false},"excerpt":{"rendered":"<p>REW &#8211; Rekonstruierter europ\u00e4ischer Waffengebrauch &nbsp; Waffengattung Hiebe, Schnitte Stiche Schwert, S\u00e4bel, Schwertsax, Sax ja ja Einhandaxt ja ja Daneaxt ja ja Zweihand\/Einhandger nein ja Aktiver Schildeinsatz gegen den K\u00f6rper ja Aktiver Schildeinsatz gegen die Waffe ja Waffenl\u00e4ngen Max. L\u00e4nge Schwert, S\u00e4bel, Schwertsax, Sax Historischer Hintergrund von Ausr\u00fcstung Einhandaxt Daneaxt Einhandger Zweihandger<\/p>\n","protected":false},"author":1,"featured_media":0,"parent":20,"menu_order":0,"comment_status":"open","ping_status":"closed","template":"page-templates\/template-no-sidebar.php","meta":[],"_links":{"self":[{"href":"https:\/\/www.harier.at\/index.php?rest_route=\/wp\/v2\/pages\/15"}],"collection":[{"href":"https:\/\/www.harier.at\/index.php?rest_route=\/wp\/v2\/pages"}],"about":[{"href":"https:\/\/www.harier.at\/index.php?rest_route=\/wp\/v2\/types\/page"}],"author":[{"embeddable":true,"href":"https:\/\/www.harier.at\/index.php?rest_route=\/wp\/v2\/users\/1"}],"replies":[{"embeddable":true,"href":"https:\/\/www.harier.at\/index.php?rest_route=%2Fwp%2Fv2%2Fcomments&post=15"}],"version-history":[{"count":16,"href":"https:\/\/www.harier.at\/index.php?rest_route=\/wp\/v2\/pages\/15\/revisions"}],"predecessor-version":[{"id":504,"href":"https:\/\/www.harier.at\/index.php?rest_route=\/wp\/v2\/pages\/15\/revisions\/504"}],"up":[{"embeddable":true,"href":"https:\/\/www.harier.at\/index.php?rest_route=\/wp\/v2\/pages\/20"}],"wp:attachment":[{"href":"https:\/\/www.harier.at\/index.php?rest_route=%2Fwp%2Fv2%2Fmedia&parent=15"}],"curies":[{"name":"wp","href":"https:\/\/api.w.org\/{rel}","templated":true}]}}