{"id":20,"date":"2014-02-19T20:28:45","date_gmt":"2014-02-19T18:28:45","guid":{"rendered":"http:\/\/www.harier.at\/wordpress\/?page_id=20"},"modified":"2020-05-08T23:42:09","modified_gmt":"2020-05-08T21:42:09","slug":"regelwerke","status":"publish","type":"page","link":"https:\/\/www.harier.at\/?page_id=20","title":{"rendered":"Regelwerke"},"content":{"rendered":"<h2 style=\"text-align: center;\">DIE KRIEGER:<\/h2>\n<p style=\"text-align: center;\">Die Krieger \u00fcben sich vor allem in freien Einzel- und Linienk\u00e4mpfen mit Schwert\/Schwertsachs und Schild.<br \/>\nJedoch wird auch mit Langwaffen wie Einhand-, Zweihandger, sowie mit Daneaxt und Einhand-Axt nach Codex ICB, Havelstil und Internationale Regeln gek\u00e4mpft.<\/p>\n<p style=\"text-align: center;\">Einige wenige forcieren in ihrem Training &#8222;REW&#8220;.<br \/>\nDieser rekonstruktive europ\u00e4ische Waffengebrauch ist unserer Ansicht nach die Kampfweise welche den realen Kampf in der von uns dargestellten Zeit wiederspiegelt.<br \/>\nDie Trefferzonen werden den Anforderungen an Veranstaltungen bzw. nach Trainingsstand angepasst. Wir verstehen uns als Freifechter.<\/p>\n<p style=\"text-align: center;\"><a href=\"http:\/\/www.harier.at\/wp-content\/uploads\/2020\/05\/Regelwerke.jpg\"><img loading=\"lazy\" class=\"wp-image-1025  aligncenter\" src=\"http:\/\/www.harier.at\/wp-content\/uploads\/2020\/05\/Regelwerke-300x153.jpg\" alt=\"\" width=\"553\" height=\"282\" srcset=\"https:\/\/www.harier.at\/wp-content\/uploads\/2020\/05\/Regelwerke-300x153.jpg 300w, https:\/\/www.harier.at\/wp-content\/uploads\/2020\/05\/Regelwerke-768x392.jpg 768w, https:\/\/www.harier.at\/wp-content\/uploads\/2020\/05\/Regelwerke-1024x523.jpg 1024w, https:\/\/www.harier.at\/wp-content\/uploads\/2020\/05\/Regelwerke.jpg 1974w\" sizes=\"(max-width: 553px) 100vw, 553px\" \/><\/a><\/p>\n<h3><\/h3>\n<h3><\/h3>\n<h3 style=\"text-align: center;\">Zugelassene Waffen:<\/h3>\n<p style=\"text-align: center;\">Hiebwaffen und Stangenwaffen mit Stahlklinge, die eine Schlagkante von mindestens 2 mm aufweist.<br \/>\nAlle Spitzen m\u00fcssen entsprechend der Regelwerke abgerundet sein.<br \/>\nZugelassene Waffen d\u00fcrfen keine strukturellen Besch\u00e4digungen oder \u00fcberm\u00e4\u00dfige Scharten aufweisen.<\/p>\n<h3 style=\"text-align: center;\">R\u00fcstungen und Ausstattung:<\/h3>\n<p style=\"text-align: center;\">Der Mindestr\u00fcstungsschutz besteht aus gepolsterten Handschuhen. K\u00e4mpfer, die nicht den Mindestr\u00fcstungsschutz tragen, d\u00fcrfen am Nahkampf nicht teilnehmen.<\/p>\n<h3 style=\"text-align: center;\">Empfohlene Mindestschutzausr\u00fcstung:<\/h3>\n<p style=\"text-align: center;\">Gepolsterte Handschuhe, Unterarm- und Ellbogenschienen, Suspensorium, Knie- und Schienbeinsch\u00fctzer.<br \/>\nDen Anforderungen der verschiedenen Codice entsprechend muss die Schutzausr\u00fcstung entsprechend angepasst werden, wie z.B. Helm, geeigneter Schutz f\u00fcr den Torso (z.B. Gambeson, Lamelle o.\u00e4.),<br \/>\ngeeigneter Schutz f\u00fcr Hals und Nacken (z.B. Leder \/ Kettengeflecht am Helm angesetzt etc.), Fechtmaske inkl. Hinterkopf Schutz und \u00e4hnliches.<\/p>\n<h3 style=\"text-align: center;\">Zus\u00e4tzliche Verhaltensregeln zur Trefferregelung f\u00fcr alle Codice:<\/h3>\n<p style=\"text-align: center;\">Die Schl\u00e4ge sind nicht mit voller Wucht durchzuziehen sondern sind abzustoppen. Die Schlagh\u00e4rte muss auf den R\u00fcstungsschutz ausgelegt sein. Langwaffen sind nur nach unten zu parieren.<br \/>\nTreffer von hinten M\u00dcSSEN mit der flachen Seite auf das Ges\u00e4\u00df ausgef\u00fchrt werden.<br \/>\nNicht erlaubt sind Schl\u00e4ge und Stiche mit Stangenwaffen zum Kopf, Hals oder auf den K\u00f6rper oberhalb des Brustbeins. K\u00f6rpereinsatz zum direkten Angriff (Tritte, Faustschl\u00e4ge,..) ist nicht erlaubt.<\/p>\n<h3 style=\"text-align: center;\">Ausnahme REW\/HEMA:<\/h3>\n<p style=\"text-align: center;\">Grunds\u00e4tzlich sind alle Angriffsformen erlaubt. Es ist jedoch daf\u00fcr Sorge zu tragen Schildschl\u00e4ge mit der Kante generell, sowie auf den Kopf nicht mit voller Wucht durchzuf\u00fchren.<br \/>\nW\u00fcrfe, Schl\u00e4ge mit der Hand, Tritte (in angemessener Schlagh\u00e4rte) und sonstige aus dem Ringen bekannten Angriffe sowie Verteidigungsformen sind erlaubt.<br \/>\nNichtk\u00e4mpfer werden nicht bek\u00e4mpft! Faires Verhalten ist Voraussetzung f\u00fcr ein gelungenes Gefecht. Wir k\u00e4mpfen als Partner, nicht als Feinde!<\/p>\n","protected":false},"excerpt":{"rendered":"<p>DIE KRIEGER: Die Krieger \u00fcben sich vor allem in freien Einzel- und Linienk\u00e4mpfen mit Schwert\/Schwertsachs und Schild. Jedoch wird auch mit Langwaffen wie Einhand-, Zweihandger, sowie mit Daneaxt und Einhand-Axt nach Codex ICB, Havelstil und Internationale Regeln gek\u00e4mpft. Einige wenige forcieren in ihrem Training &#8222;REW&#8220;. Dieser rekonstruktive europ\u00e4ische Waffengebrauch ist unserer Ansicht nach die Kampfweise [&hellip;]<\/p>\n","protected":false},"author":1,"featured_media":0,"parent":0,"menu_order":0,"comment_status":"closed","ping_status":"closed","template":"page-templates\/template-no-sidebar.php","meta":[],"_links":{"self":[{"href":"https:\/\/www.harier.at\/index.php?rest_route=\/wp\/v2\/pages\/20"}],"collection":[{"href":"https:\/\/www.harier.at\/index.php?rest_route=\/wp\/v2\/pages"}],"about":[{"href":"https:\/\/www.harier.at\/index.php?rest_route=\/wp\/v2\/types\/page"}],"author":[{"embeddable":true,"href":"https:\/\/www.harier.at\/index.php?rest_route=\/wp\/v2\/users\/1"}],"replies":[{"embeddable":true,"href":"https:\/\/www.harier.at\/index.php?rest_route=%2Fwp%2Fv2%2Fcomments&post=20"}],"version-history":[{"count":30,"href":"https:\/\/www.harier.at\/index.php?rest_route=\/wp\/v2\/pages\/20\/revisions"}],"predecessor-version":[{"id":1029,"href":"https:\/\/www.harier.at\/index.php?rest_route=\/wp\/v2\/pages\/20\/revisions\/1029"}],"wp:attachment":[{"href":"https:\/\/www.harier.at\/index.php?rest_route=%2Fwp%2Fv2%2Fmedia&parent=20"}],"curies":[{"name":"wp","href":"https:\/\/api.w.org\/{rel}","templated":true}]}}