{"id":208,"date":"2017-06-17T20:09:15","date_gmt":"2017-06-17T18:09:15","guid":{"rendered":"http:\/\/www.harier.at\/?page_id=208"},"modified":"2026-02-07T21:57:14","modified_gmt":"2026-02-07T19:57:14","slug":"veranstaltungen","status":"publish","type":"page","link":"https:\/\/www.harier.at\/?page_id=208","title":{"rendered":"Veranstaltungen"},"content":{"rendered":"<h1 data-testid=\"event-permalink-event-name\">\u00a0<\/h1>\n<h1 class=\"_5gmx\" data-testid=\"event-permalink-event-name\">Veranstaltungen 2026<\/h1>\n<p>\u00a0<\/p>\n<h3>Heerbann Brandenburg &#8211; Schenkendorf (DE)<\/h3>\n<p>23. April &#8211; 26. April 2026, Rudolf-Mosse-Weg 1, 15749 Mittenwalde<\/p>\n<h3>13. AFFT Grosslinientraining (AT)<\/h3>\n<p>23. April &#8211; 26. April 2026, Heiligwasserwiese<span class=\"section-info-text\"><span class=\"widget-pane-link\" role=\"text\">, 6020 Innsbruck<\/span><\/span> (Tiroler Pfadfinderzentrum)<\/p>\n<h3 class=\"_5gmx\" data-testid=\"event-permalink-event-name\">Mittsommern\u00e4chte B\u00e4renstein (DE)<\/h3>\n<p>19.Juni &#8211; 21. Juni 2026, Sportplatz, 09471 B\u00e4renstein<\/p>\n<h3 class=\"_5gmx\" data-testid=\"event-permalink-event-name\">Festival of Vikings and Slavs &#8211; Wolin (PL)<\/h3>\n<p class=\"_5gmx\" data-testid=\"event-permalink-event-name\">30. Juli &#8211; 02. August 2026, Wolin, Center of Slavs and Vikings Jomsborg<\/p>\n<h3 data-testid=\"event-permalink-event-name\">Cave Gladium (DE)<\/h3>\n<p data-testid=\"event-permalink-event-name\">14. August &#8211; 16. August 2026, Stadtpl. 4, 93437 Furth im Wald<\/p>\n<h3 class=\"_5gmx\" data-testid=\"event-permalink-event-name\"><del>BOB IV. Battle of Bavaria &#8211; Viking Fighting Event (DE)<\/del><\/h3>\n<p class=\"_5gmx\" data-testid=\"event-permalink-event-name\"><del>20. August \u2013 24. August 2025, <span class=\"LrzXr\">Reinwarzhofen 17, 91177 Thalm\u00e4ssing<\/span><\/del><\/p>\n<h3 class=\"_5gmx\" data-testid=\"event-permalink-event-name\">10. Harierfest (AT)<\/h3>\n<p class=\"_5gmx\" data-testid=\"event-permalink-event-name\">27. August \u2013 30. August 2026, <span id=\"u_jsonp_7_k\" class=\"_5xhk\">Lehen 12, 4343 Mitterkirche<wbr \/>n im Machland<\/span><\/p>\n<h3>Steinfurt Ting (DE)<\/h3>\n<p>11. September &#8211; 13. September 2026, Schwarzastra\u00dfe 8, 36358 Steinfurt\/Herbstein<\/p>\n<h3 class=\"_5gmx\" data-testid=\"event-permalink-event-name\">Zanari Thing (DE)<\/h3>\n<p>xx. September \u2013 xx. September 2026, Demlinger Steinbruch, 85098 Gro\u00dfmehring<\/p>\n<h3 class=\"_5gmx\" data-testid=\"event-permalink-event-name\">HIKG &#8211; Die gro\u00dfe Schlacht (DE)<\/h3>\n<p class=\"_5gmx\" data-testid=\"event-permalink-event-name\">08. Oktober &#8211; 11. Oktober 2026, Marienh\u00f6he 1, 74706 Osterburken<\/p>\n<p data-testid=\"event-permalink-event-name\">\u00a0<\/p>\n<h1 class=\"_5gmx\" data-testid=\"event-permalink-event-name\">Wintertrainings 2025\/2026:<\/h1>\n<h3 data-testid=\"event-permalink-event-name\">Kriegerbund Harier<\/h3>\n<p><em><span class=\"x193iq5w xeuugli x13faqbe x1vvkbs x1xmvt09 x1lliihq x1s928wv xhkezso x1gmr53x x1cpjm7i x1fgarty x1943h6x xudqn12 x3x7a5m x6prxxf xvq8zen xo1l8bm xzsf02u\" dir=\"auto\">Bahnhofg\u00fcrtel 55a, 8020 Graz, (AT)<\/span><\/em><\/p>\n<p>03. J\u00e4nner 2026<br \/>07. M\u00e4rz 2026<\/p>\n<p><em>Waidhofner Stra\u00dfe 22, 3332 Sonntagberg, (AT)<br \/><\/em><\/p>\n<p>08. November 2025<br \/>04. April 2026<\/p>\n<p><em>Wiener Stra\u00dfe 28, 2721 Bad Fischau (AT)<\/em><\/p>\n<p>06. Dezember 2025<br \/>07. Februar 2026<\/p>\n<h3 class=\"_5gmx\" data-testid=\"event-permalink-event-name\"><del>Bucinobantes K\u00e4mpferbund<\/del><\/h3>\n<p class=\"_5gmx\" data-testid=\"event-permalink-event-name\"><del><em><span class=\"section-info-text\">Dom\u00e4ne Schiffenberg 1, 35396 Gie\u00dfen (DE)<\/span><\/em><\/del><\/p>\n<p class=\"_5gmx\" data-testid=\"event-permalink-event-name\"><del>02. November 2024<\/del><br \/><del>14. Dezember 2024<\/del><br \/><del>25. J\u00e4nner 2025<\/del><br \/><del>15. Februar 2025<\/del><br \/><del>22. M\u00e4rz 2025<\/del><\/p>\n<p data-testid=\"event-permalink-event-name\"><del><em>Parkplatz &#8222;Am Nordpark&#8220;, 50735 K\u00f6ln (DE) &#8211; Kooperationstraining &#8222;Schiffenberg goes K\u00f6lle&#8220; Zanari, Bucinobantes, RCF K\u00f6ln<\/em><\/del><\/p>\n<p data-testid=\"event-permalink-event-name\"><del>xx. Februar 2025<\/del><\/p>\n<p data-testid=\"event-permalink-event-name\">\u00a0<\/p>\n<h3 class=\"_5gmx\" data-testid=\"event-permalink-event-name\"><del>Zanari<\/del><\/h3>\n<p class=\"_5gmx\" data-testid=\"event-permalink-event-name\"><del><em>Thurn-und-Taxis-Stra\u00dfe 16, 90411 N\u00fcrnberg (DE)<\/em><\/del><\/p>\n<p><del>30. November 2024<\/del><br \/><del>15. M\u00e4rz 2025<\/del><\/p>\n<p class=\"_5gmx\" data-testid=\"event-permalink-event-name\"><del><em>Landauer Stra\u00dfe 133, 94419 Reisbach (DE)<\/em><\/del><br \/><del><em>Mehrzweckhalle beim Gasthaus Neumeier<\/em><\/del><\/p>\n<p><del>14. Dezember 2024<\/del><br \/><del>18. J\u00e4nner 2025<\/del><\/p>\n<p><del><em>N\u00e4he Bodensee, genauer Ort wird noch bekanntgegeben.<br \/><\/em><\/del><\/p>\n<p><del>08. Februar 2025<\/del><\/p>\n\n\n<p><\/p>\n","protected":false},"excerpt":{"rendered":"<p>\u00a0 Veranstaltungen 2026 \u00a0 Heerbann Brandenburg &#8211; Schenkendorf (DE) 23. April &#8211; 26. April 2026, Rudolf-Mosse-Weg 1, 15749 Mittenwalde 13. AFFT Grosslinientraining (AT) 23. April &#8211; 26. April 2026, Heiligwasserwiese, 6020 Innsbruck (Tiroler Pfadfinderzentrum) Mittsommern\u00e4chte B\u00e4renstein (DE) 19.Juni &#8211; 21. Juni 2026, Sportplatz, 09471 B\u00e4renstein Festival of Vikings and Slavs &#8211; Wolin (PL) 30. Juli [&hellip;]<\/p>\n","protected":false},"author":4,"featured_media":0,"parent":0,"menu_order":0,"comment_status":"closed","ping_status":"closed","template":"page-templates\/template-no-sidebar.php","meta":[],"_links":{"self":[{"href":"https:\/\/www.harier.at\/index.php?rest_route=\/wp\/v2\/pages\/208"}],"collection":[{"href":"https:\/\/www.harier.at\/index.php?rest_route=\/wp\/v2\/pages"}],"about":[{"href":"https:\/\/www.harier.at\/index.php?rest_route=\/wp\/v2\/types\/page"}],"author":[{"embeddable":true,"href":"https:\/\/www.harier.at\/index.php?rest_route=\/wp\/v2\/users\/4"}],"replies":[{"embeddable":true,"href":"https:\/\/www.harier.at\/index.php?rest_route=%2Fwp%2Fv2%2Fcomments&post=208"}],"version-history":[{"count":71,"href":"https:\/\/www.harier.at\/index.php?rest_route=\/wp\/v2\/pages\/208\/revisions"}],"predecessor-version":[{"id":1259,"href":"https:\/\/www.harier.at\/index.php?rest_route=\/wp\/v2\/pages\/208\/revisions\/1259"}],"wp:attachment":[{"href":"https:\/\/www.harier.at\/index.php?rest_route=%2Fwp%2Fv2%2Fmedia&parent=208"}],"curies":[{"name":"wp","href":"https:\/\/api.w.org\/{rel}","templated":true}]}}