{"id":8,"date":"2014-02-19T20:11:24","date_gmt":"2014-02-19T18:11:24","guid":{"rendered":"http:\/\/www.harier.at\/wordpress\/?page_id=8"},"modified":"2017-08-15T08:14:23","modified_gmt":"2017-08-15T06:14:23","slug":"codex-harier-l1","status":"publish","type":"page","link":"https:\/\/www.harier.at\/?page_id=8","title":{"rendered":"ICB"},"content":{"rendered":"<h1 style=\"text-align: center;\">ICB &#8211; International Codex Belli<\/h1>\n<p>&nbsp;<\/p>\n<p><img loading=\"lazy\" class=\"aligncenter wp-image-286\" src=\"http:\/\/www.harier.at\/wp-content\/uploads\/2017\/06\/19403632_990438451059279_527571625_o-300x226.png\" alt=\"\" width=\"700\" height=\"527\" srcset=\"https:\/\/www.harier.at\/wp-content\/uploads\/2017\/06\/19403632_990438451059279_527571625_o-300x226.png 300w, https:\/\/www.harier.at\/wp-content\/uploads\/2017\/06\/19403632_990438451059279_527571625_o-768x578.png 768w, https:\/\/www.harier.at\/wp-content\/uploads\/2017\/06\/19403632_990438451059279_527571625_o-1024x771.png 1024w, https:\/\/www.harier.at\/wp-content\/uploads\/2017\/06\/19403632_990438451059279_527571625_o.png 2048w\" sizes=\"(max-width: 700px) 100vw, 700px\" \/><\/p>\n<table width=\"479\">\n<tbody>\n<tr>\n<td width=\"257\">\n<h3>Waffengattung<\/h3>\n<\/td>\n<td width=\"111\">\n<h3>Hiebe, Schnitte<\/h3>\n<\/td>\n<td width=\"111\">\n<h3>Stiche<\/h3>\n<\/td>\n<\/tr>\n<tr>\n<td>Schwert, S\u00e4bel, Schwertsax, Sax<\/td>\n<td style=\"text-align: left;\">ja<\/td>\n<td style=\"text-align: left;\">ja<\/td>\n<\/tr>\n<tr>\n<td>Einhandaxt<\/td>\n<td style=\"text-align: left;\">ja<\/td>\n<td style=\"text-align: left;\">ja<\/td>\n<\/tr>\n<tr>\n<td>Daneaxt<\/td>\n<td style=\"text-align: left;\">ja<\/td>\n<td style=\"text-align: left;\">ja<\/td>\n<\/tr>\n<tr>\n<td>Zweihand\/Einhandger<\/td>\n<td style=\"text-align: left;\">nein<\/td>\n<td style=\"text-align: left;\">ja<\/td>\n<\/tr>\n<tr>\n<td>Aktiver Schildeinsatz gegen den K\u00f6rper<\/td>\n<td style=\"text-align: left;\" colspan=\"2\">nein<\/td>\n<\/tr>\n<tr>\n<td width=\"257\">Aktiver Schildeinsatz gegen die Waffe<\/td>\n<td style=\"text-align: left;\" colspan=\"2\">ja<\/td>\n<\/tr>\n<tr>\n<td width=\"257\"><\/td>\n<td><\/td>\n<td><\/td>\n<\/tr>\n<tr>\n<td>\n<h3>Waffenl\u00e4ngen<\/h3>\n<\/td>\n<td colspan=\"2\">\n<h3>Max. L\u00e4nge<\/h3>\n<\/td>\n<\/tr>\n<tr>\n<td width=\"257\">Schwert, S\u00e4bel, Schwertsax, Sax<\/td>\n<td colspan=\"2\" width=\"222\">100 cm, Spitzenradius mind. 10 Cent M\u00fcnze<\/td>\n<\/tr>\n<tr>\n<td>Einhandaxt<\/td>\n<td colspan=\"2\">90 cm<\/td>\n<\/tr>\n<tr>\n<td width=\"257\">Daneaxt<\/td>\n<td colspan=\"2\" width=\"222\">200 cm, mind. 12 cm Schneide<\/td>\n<\/tr>\n<tr>\n<td>Einhandger<\/td>\n<td colspan=\"2\">180 cm<\/td>\n<\/tr>\n<tr>\n<td width=\"257\">Zweihandger<\/td>\n<td colspan=\"2\">250 cm<\/td>\n<\/tr>\n<\/tbody>\n<\/table>\n","protected":false},"excerpt":{"rendered":"<p>ICB &#8211; International Codex Belli &nbsp; Waffengattung Hiebe, Schnitte Stiche Schwert, S\u00e4bel, Schwertsax, Sax ja ja Einhandaxt ja ja Daneaxt ja ja Zweihand\/Einhandger nein ja Aktiver Schildeinsatz gegen den K\u00f6rper nein Aktiver Schildeinsatz gegen die Waffe ja Waffenl\u00e4ngen Max. L\u00e4nge Schwert, S\u00e4bel, Schwertsax, Sax 100 cm, Spitzenradius mind. 10 Cent M\u00fcnze Einhandaxt 90 cm Daneaxt [&hellip;]<\/p>\n","protected":false},"author":1,"featured_media":0,"parent":20,"menu_order":0,"comment_status":"open","ping_status":"closed","template":"page-templates\/template-no-sidebar.php","meta":[],"_links":{"self":[{"href":"https:\/\/www.harier.at\/index.php?rest_route=\/wp\/v2\/pages\/8"}],"collection":[{"href":"https:\/\/www.harier.at\/index.php?rest_route=\/wp\/v2\/pages"}],"about":[{"href":"https:\/\/www.harier.at\/index.php?rest_route=\/wp\/v2\/types\/page"}],"author":[{"embeddable":true,"href":"https:\/\/www.harier.at\/index.php?rest_route=\/wp\/v2\/users\/1"}],"replies":[{"embeddable":true,"href":"https:\/\/www.harier.at\/index.php?rest_route=%2Fwp%2Fv2%2Fcomments&post=8"}],"version-history":[{"count":24,"href":"https:\/\/www.harier.at\/index.php?rest_route=\/wp\/v2\/pages\/8\/revisions"}],"predecessor-version":[{"id":503,"href":"https:\/\/www.harier.at\/index.php?rest_route=\/wp\/v2\/pages\/8\/revisions\/503"}],"up":[{"embeddable":true,"href":"https:\/\/www.harier.at\/index.php?rest_route=\/wp\/v2\/pages\/20"}],"wp:attachment":[{"href":"https:\/\/www.harier.at\/index.php?rest_route=%2Fwp%2Fv2%2Fmedia&parent=8"}],"curies":[{"name":"wp","href":"https:\/\/api.w.org\/{rel}","templated":true}]}}