{"id":831,"date":"2019-10-05T12:24:36","date_gmt":"2019-10-05T10:24:36","guid":{"rendered":"http:\/\/www.harier.at\/?page_id=831"},"modified":"2019-10-05T13:37:39","modified_gmt":"2019-10-05T11:37:39","slug":"anmeldung-veranstaltungen","status":"publish","type":"page","link":"https:\/\/www.harier.at\/?page_id=831","title":{"rendered":"Anmeldung zu Veranstaltungen"},"content":{"rendered":"<div role=\"form\" class=\"wpcf7\" id=\"wpcf7-f798-o1\" lang=\"de-DE\" dir=\"ltr\">\n<div class=\"screen-reader-response\"><p role=\"status\" aria-live=\"polite\" aria-atomic=\"true\"><\/p> <ul><\/ul><\/div>\n<form action=\"\/index.php?rest_route=%2Fwp%2Fv2%2Fpages%2F831#wpcf7-f798-o1\" method=\"post\" class=\"wpcf7-form init\" novalidate=\"novalidate\" data-status=\"init\">\n<div style=\"display: none;\">\n<input type=\"hidden\" name=\"_wpcf7\" value=\"798\" \/>\n<input type=\"hidden\" name=\"_wpcf7_version\" value=\"5.4.2\" \/>\n<input type=\"hidden\" name=\"_wpcf7_locale\" value=\"de_DE\" \/>\n<input type=\"hidden\" name=\"_wpcf7_unit_tag\" value=\"wpcf7-f798-o1\" \/>\n<input type=\"hidden\" name=\"_wpcf7_container_post\" value=\"0\" \/>\n<input type=\"hidden\" name=\"_wpcf7_posted_data_hash\" value=\"\" \/>\n<input type=\"hidden\" name=\"_wpcf7_recaptcha_response\" value=\"\" \/>\n<\/div>\n<p><label> <b>Vor- und Nachname<\/b><br \/>\n    <span class=\"wpcf7-form-control-wrap your-name\"><input type=\"text\" name=\"your-name\" value=\"\" size=\"40\" class=\"wpcf7-form-control wpcf7-text wpcf7-validates-as-required\" aria-required=\"true\" aria-invalid=\"false\" \/><\/span> <\/label><\/p>\n<p><label> <b>E-Mail-Adresse<\/b><br \/>\n    <span class=\"wpcf7-form-control-wrap your-email\"><input type=\"email\" name=\"your-email\" value=\"\" size=\"40\" class=\"wpcf7-form-control wpcf7-text wpcf7-email wpcf7-validates-as-required wpcf7-validates-as-email\" aria-required=\"true\" aria-invalid=\"false\" \/><\/span> <\/label><\/p>\n<p><label> <b>Telefonnummer<\/b><br \/>\n<span class=\"wpcf7-form-control-wrap telefonnummer\"><input type=\"tel\" name=\"telefonnummer\" value=\"\" size=\"40\" class=\"wpcf7-form-control wpcf7-text wpcf7-tel wpcf7-validates-as-required wpcf7-validates-as-tel\" aria-required=\"true\" aria-invalid=\"false\" \/><\/span> <\/label><\/p>\n<p><label> <b>Gruppe\/Verein<\/b><br \/>\nDie Gruppe\/der Verein, dem du zugeh\u00f6rig bist.<br \/>\n<span class=\"wpcf7-form-control-wrap gruppe\"><input type=\"text\" name=\"gruppe\" value=\"\" size=\"40\" class=\"wpcf7-form-control wpcf7-text wpcf7-validates-as-required\" aria-required=\"true\" aria-invalid=\"false\" \/><\/span> <\/label><\/p>\n<p><label> <b>KFZ-Kennzeichen<\/b><br \/>\nWenn du nicht mit dem eigenen Auto kommst, sondern mit einer Fahrgemeinschaft, gib bitte \"Mitfahrer\" und den Namen des Fahrers an. ACHTUNG! Wir k\u00fcmmern uns nicht um die Fahrt und um dessen Organisation!<br \/>\n<span class=\"wpcf7-form-control-wrap KFZ\"><input type=\"text\" name=\"KFZ\" value=\"\" size=\"40\" class=\"wpcf7-form-control wpcf7-text wpcf7-validates-as-required\" aria-required=\"true\" aria-invalid=\"false\" \/><\/span> <\/label><\/p>\n<p><label> <b>Zeltma\u00dfe<\/b><br \/>\nWenn du kein eigenes Zelt mitbringst, sondern bei jemandem einquartiert bist, gib bitte \"Mitbewohner\" und den Namen des Zeltbesitzers an. ACHTUNG! Wir stellen weder Zelte zur Verf\u00fcgung, noch k\u00fcmmern wir uns um den Transport!<br \/>\n<span class=\"wpcf7-form-control-wrap Zelt\"><input type=\"text\" name=\"Zelt\" value=\"\" size=\"40\" class=\"wpcf7-form-control wpcf7-text wpcf7-validates-as-required\" aria-required=\"true\" aria-invalid=\"false\" \/><\/span> <\/label><\/p>\n<p><label> <b>Veranstaltung(en)<\/b><br \/>\nEs sind keine Gruppenanmeldungen m\u00f6glich, d.h. jeder Teilnehmer muss sich selbst anmelden.<br \/>\nW\u00e4hle hier die Veranstaltung(en) aus, f\u00fcr die du dich anmeldest. Neben der Veranstaltung steht das dort gek\u00e4mpfte Regelwerk.<br \/>\nACHTUNG!! F\u00fcr gewisse Veranstaltungen wie z.B. HIKG und Heerbann sind Anmeldegeb\u00fchren zu entrichten.<br \/>\nDer Betrag der Anmeldegeb\u00fchr wird bei der Anmeldung via E-Mail bekanntgegeben bzw. kann erfragt werden.<br \/>\nIBAN und BIC werden per Mail bekanntgegeben.<\/label><br \/>\n<span class=\"wpcf7-form-control-wrap Veranstaltungen\"><span class=\"wpcf7-form-control wpcf7-checkbox wpcf7-validates-as-required\"><span class=\"wpcf7-list-item first\"><input type=\"checkbox\" name=\"Veranstaltungen[]\" value=\"Heerbann Brandenburg (Havelstil)\" \/><span class=\"wpcf7-list-item-label\">Heerbann Brandenburg (Havelstil)<\/span><\/span><span class=\"wpcf7-list-item\"><input type=\"checkbox\" name=\"Veranstaltungen[]\" value=\"BOB (ICB)\" \/><span class=\"wpcf7-list-item-label\">BOB (ICB)<\/span><\/span><span class=\"wpcf7-list-item\"><input type=\"checkbox\" name=\"Veranstaltungen[]\" value=\"Neustadt Glewe (Ng)\" \/><span class=\"wpcf7-list-item-label\">Neustadt Glewe (Ng)<\/span><\/span><span class=\"wpcf7-list-item\"><input type=\"checkbox\" name=\"Veranstaltungen[]\" value=\"Cave Gladium (CB)\" \/><span class=\"wpcf7-list-item-label\">Cave Gladium (CB)<\/span><\/span><span class=\"wpcf7-list-item\"><input type=\"checkbox\" name=\"Veranstaltungen[]\" value=\"Zanari Thing (CB)\" \/><span class=\"wpcf7-list-item-label\">Zanari Thing (CB)<\/span><\/span><span class=\"wpcf7-list-item\"><input type=\"checkbox\" name=\"Veranstaltungen[]\" value=\"Heldrungen (Havelstil)\" \/><span class=\"wpcf7-list-item-label\">Heldrungen (Havelstil)<\/span><\/span><span class=\"wpcf7-list-item last\"><input type=\"checkbox\" name=\"Veranstaltungen[]\" value=\"Hikg (ICB)\" \/><span class=\"wpcf7-list-item-label\">Hikg (ICB)<\/span><\/span><\/span><\/span><\/p>\n<p><label> <b>Sonstiges\/Anmerkungen<\/b> (optional)<br \/>\n<span class=\"wpcf7-form-control-wrap sonstiges\"><textarea name=\"sonstiges\" cols=\"40\" rows=\"10\" class=\"wpcf7-form-control wpcf7-textarea\" aria-invalid=\"false\"><\/textarea><\/span> <\/label><\/p>\n\n<p><input type=\"submit\" value=\"Senden\" class=\"wpcf7-form-control wpcf7-submit\" \/><\/p>\n<div class=\"wpcf7-response-output\" aria-hidden=\"true\"><\/div><\/form><\/div>\n","protected":false},"excerpt":{"rendered":"","protected":false},"author":4,"featured_media":0,"parent":0,"menu_order":0,"comment_status":"closed","ping_status":"closed","template":"","meta":[],"_links":{"self":[{"href":"https:\/\/www.harier.at\/index.php?rest_route=\/wp\/v2\/pages\/831"}],"collection":[{"href":"https:\/\/www.harier.at\/index.php?rest_route=\/wp\/v2\/pages"}],"about":[{"href":"https:\/\/www.harier.at\/index.php?rest_route=\/wp\/v2\/types\/page"}],"author":[{"embeddable":true,"href":"https:\/\/www.harier.at\/index.php?rest_route=\/wp\/v2\/users\/4"}],"replies":[{"embeddable":true,"href":"https:\/\/www.harier.at\/index.php?rest_route=%2Fwp%2Fv2%2Fcomments&post=831"}],"version-history":[{"count":3,"href":"https:\/\/www.harier.at\/index.php?rest_route=\/wp\/v2\/pages\/831\/revisions"}],"predecessor-version":[{"id":845,"href":"https:\/\/www.harier.at\/index.php?rest_route=\/wp\/v2\/pages\/831\/revisions\/845"}],"wp:attachment":[{"href":"https:\/\/www.harier.at\/index.php?rest_route=%2Fwp%2Fv2%2Fmedia&parent=831"}],"curies":[{"name":"wp","href":"https:\/\/api.w.org\/{rel}","templated":true}]}}